{"id":5,"date":"2019-09-26T15:37:51","date_gmt":"2019-09-26T13:37:51","guid":{"rendered":"https:\/\/www.restaurantlabolera.com\/laflama\/?page_id=5"},"modified":"2021-02-18T09:31:46","modified_gmt":"2021-02-18T08:31:46","slug":"inici","status":"publish","type":"page","link":"https:\/\/www.restaurantlabolera.com\/laflama\/ca\/","title":{"rendered":"Inici"},"content":{"rendered":"\t\t<div data-elementor-type=\"wp-page\" data-elementor-id=\"5\" class=\"elementor elementor-5\" data-elementor-post-type=\"page\">\n\t\t\t\t\t\t<section class=\"elementor-section elementor-top-section elementor-element elementor-element-2d9c6aaf elementor-section-boxed elementor-section-height-default elementor-section-height-default\" data-id=\"2d9c6aaf\" data-element_type=\"section\" data-settings=\"{&quot;background_background&quot;:&quot;classic&quot;}\">\n\t\t\t\t\t\t<div class=\"elementor-container elementor-column-gap-default\">\n\t\t\t\t\t<div class=\"elementor-column elementor-col-100 elementor-top-column elementor-element elementor-element-410121e5\" data-id=\"410121e5\" data-element_type=\"column\">\n\t\t\t<div class=\"elementor-widget-wrap elementor-element-populated\">\n\t\t\t\t\t\t<div class=\"elementor-element elementor-element-8b696cf elementor-widget elementor-widget-spacer\" data-id=\"8b696cf\" data-element_type=\"widget\" data-widget_type=\"spacer.default\">\n\t\t\t\t<div class=\"elementor-widget-container\">\n\t\t\t\t\t\t\t<div class=\"elementor-spacer\">\n\t\t\t<div class=\"elementor-spacer-inner\"><\/div>\n\t\t<\/div>\n\t\t\t\t\t\t<\/div>\n\t\t\t\t<\/div>\n\t\t\t\t<div class=\"elementor-element elementor-element-28b3e30d elementor-widget elementor-widget-text-editor\" data-id=\"28b3e30d\" data-element_type=\"widget\" data-widget_type=\"text-editor.default\">\n\t\t\t\t<div class=\"elementor-widget-container\">\n\t\t\t\t\t\t\t\t\t<p><img decoding=\"async\" class=\"alignnone size-full wp-image-147\" src=\"https:\/\/www.restaurantlabolera.com\/laflama\/wp-content\/uploads\/sites\/3\/2019\/10\/LA-FLAMA-DE-LA-BOLERA-white.png\" alt=\"\" width=\"208\" height=\"92\" \/><\/p><p>Esmorzars | Dinars | Berenars<\/p><p><span style=\"font-family: Helvetica, sans-serif;font-size: 20.8px;letter-spacing: 4px\">Sopars i copes el cap de setmana<\/span><\/p>\t\t\t\t\t\t\t\t<\/div>\n\t\t\t\t<\/div>\n\t\t\t\t\t<\/div>\n\t\t<\/div>\n\t\t\t\t\t<\/div>\n\t\t<\/section>\n\t\t\t\t<section class=\"elementor-section elementor-top-section elementor-element elementor-element-27573d6e elementor-section-boxed elementor-section-height-default elementor-section-height-default\" data-id=\"27573d6e\" data-element_type=\"section\" data-settings=\"{&quot;background_background&quot;:&quot;classic&quot;}\">\n\t\t\t\t\t\t<div class=\"elementor-container elementor-column-gap-no\">\n\t\t\t\t\t<div class=\"elementor-column elementor-col-100 elementor-top-column elementor-element elementor-element-6032ca09\" data-id=\"6032ca09\" data-element_type=\"column\">\n\t\t\t<div class=\"elementor-widget-wrap elementor-element-populated\">\n\t\t\t\t\t\t<section class=\"elementor-section elementor-inner-section elementor-element elementor-element-5e709277 elementor-section-boxed elementor-section-height-default elementor-section-height-default\" data-id=\"5e709277\" data-element_type=\"section\" data-settings=\"{&quot;background_background&quot;:&quot;classic&quot;}\">\n\t\t\t\t\t\t<div class=\"elementor-container elementor-column-gap-no\">\n\t\t\t\t\t<div class=\"elementor-column elementor-col-50 elementor-inner-column elementor-element elementor-element-74565047\" data-id=\"74565047\" data-element_type=\"column\">\n\t\t\t<div class=\"elementor-widget-wrap elementor-element-populated\">\n\t\t\t\t\t\t<div class=\"elementor-element elementor-element-62e14188 elementor-widget elementor-widget-image\" data-id=\"62e14188\" data-element_type=\"widget\" data-widget_type=\"image.default\">\n\t\t\t\t<div class=\"elementor-widget-container\">\n\t\t\t\t\t\t\t\t\t\t\t\t\t\t\t<img fetchpriority=\"high\" decoding=\"async\" width=\"640\" height=\"480\" src=\"https:\/\/www.restaurantlabolera.com\/laflama\/wp-content\/uploads\/sites\/3\/2019\/10\/img-restaurant-interior-1024x768.jpg\" class=\"attachment-large size-large wp-image-31\" alt=\"El restaurant\" srcset=\"https:\/\/www.restaurantlabolera.com\/laflama\/wp-content\/uploads\/sites\/3\/2019\/10\/img-restaurant-interior-1024x768.jpg 1024w, https:\/\/www.restaurantlabolera.com\/laflama\/wp-content\/uploads\/sites\/3\/2019\/10\/img-restaurant-interior-300x225.jpg 300w, https:\/\/www.restaurantlabolera.com\/laflama\/wp-content\/uploads\/sites\/3\/2019\/10\/img-restaurant-interior-768x576.jpg 768w, https:\/\/www.restaurantlabolera.com\/laflama\/wp-content\/uploads\/sites\/3\/2019\/10\/img-restaurant-interior.jpg 1600w\" sizes=\"(max-width: 640px) 100vw, 640px\" \/>\t\t\t\t\t\t\t\t\t\t\t\t\t\t\t<\/div>\n\t\t\t\t<\/div>\n\t\t\t\t\t<\/div>\n\t\t<\/div>\n\t\t\t\t<div class=\"elementor-column elementor-col-50 elementor-inner-column elementor-element elementor-element-31d9a97b\" data-id=\"31d9a97b\" data-element_type=\"column\">\n\t\t\t<div class=\"elementor-widget-wrap elementor-element-populated\">\n\t\t\t\t\t\t<div class=\"elementor-element elementor-element-41336f44 elementor-widget elementor-widget-text-editor\" data-id=\"41336f44\" data-element_type=\"widget\" data-widget_type=\"text-editor.default\">\n\t\t\t\t<div class=\"elementor-widget-container\">\n\t\t\t\t\t\t\t\t\t<h2><a href=\"https:\/\/www.restaurantlabolera.com\/laflama\/ca\/el-restaurant\/\">EL RESTAURANT<\/a><\/h2>\t\t\t\t\t\t\t\t<\/div>\n\t\t\t\t<\/div>\n\t\t\t\t<div class=\"elementor-element elementor-element-6cd03522 elementor-widget-divider--view-line elementor-widget elementor-widget-divider\" data-id=\"6cd03522\" data-element_type=\"widget\" data-widget_type=\"divider.default\">\n\t\t\t\t<div class=\"elementor-widget-container\">\n\t\t\t\t\t\t\t<div class=\"elementor-divider\">\n\t\t\t<span class=\"elementor-divider-separator\">\n\t\t\t\t\t\t<\/span>\n\t\t<\/div>\n\t\t\t\t\t\t<\/div>\n\t\t\t\t<\/div>\n\t\t\t\t<div class=\"elementor-element elementor-element-688768e1 elementor-widget elementor-widget-text-editor\" data-id=\"688768e1\" data-element_type=\"widget\" data-widget_type=\"text-editor.default\">\n\t\t\t\t<div class=\"elementor-widget-container\">\n\t\t\t\t\t\t\t\t\t<p>Restaurant situat al centre de Sant Cugat del Vall\u00e8s, de recent obertura i horaris amplis on sempre trobar\u00e0s qualitat i bon preu. La seva moderna i ex\u00f2tica decoraci\u00f3 aconsegueix crear un ambient informal i elegant al mateix temps.<\/p>\t\t\t\t\t\t\t\t<\/div>\n\t\t\t\t<\/div>\n\t\t\t\t\t<\/div>\n\t\t<\/div>\n\t\t\t\t\t<\/div>\n\t\t<\/section>\n\t\t\t\t\t<\/div>\n\t\t<\/div>\n\t\t\t\t\t<\/div>\n\t\t<\/section>\n\t\t\t\t<section class=\"elementor-section elementor-top-section elementor-element elementor-element-64ddb261 elementor-section-boxed elementor-section-height-default elementor-section-height-default\" data-id=\"64ddb261\" data-element_type=\"section\" data-settings=\"{&quot;background_background&quot;:&quot;classic&quot;}\">\n\t\t\t\t\t\t<div class=\"elementor-container elementor-column-gap-no\">\n\t\t\t\t\t<div class=\"elementor-column elementor-col-100 elementor-top-column elementor-element elementor-element-271174f8\" data-id=\"271174f8\" data-element_type=\"column\">\n\t\t\t<div class=\"elementor-widget-wrap elementor-element-populated\">\n\t\t\t\t\t\t<section class=\"elementor-section elementor-inner-section elementor-element elementor-element-239a7e89 elementor-section-boxed elementor-section-height-default elementor-section-height-default\" data-id=\"239a7e89\" data-element_type=\"section\" data-settings=\"{&quot;background_background&quot;:&quot;classic&quot;}\">\n\t\t\t\t\t\t<div class=\"elementor-container elementor-column-gap-no\">\n\t\t\t\t\t<div class=\"elementor-column elementor-col-50 elementor-inner-column elementor-element elementor-element-746d1309\" data-id=\"746d1309\" data-element_type=\"column\">\n\t\t\t<div class=\"elementor-widget-wrap elementor-element-populated\">\n\t\t\t\t\t\t<div class=\"elementor-element elementor-element-3b66cabf elementor-widget elementor-widget-text-editor\" data-id=\"3b66cabf\" data-element_type=\"widget\" data-widget_type=\"text-editor.default\">\n\t\t\t\t<div class=\"elementor-widget-container\">\n\t\t\t\t\t\t\t\t\t<h2><a href=\"https:\/\/www.restaurantlabolera.com\/laflama\/ca\/carta\/\">LA CARTA<\/a><\/h2>\t\t\t\t\t\t\t\t<\/div>\n\t\t\t\t<\/div>\n\t\t\t\t<div class=\"elementor-element elementor-element-432c01d4 elementor-widget-divider--view-line elementor-widget elementor-widget-divider\" data-id=\"432c01d4\" data-element_type=\"widget\" data-widget_type=\"divider.default\">\n\t\t\t\t<div class=\"elementor-widget-container\">\n\t\t\t\t\t\t\t<div class=\"elementor-divider\">\n\t\t\t<span class=\"elementor-divider-separator\">\n\t\t\t\t\t\t<\/span>\n\t\t<\/div>\n\t\t\t\t\t\t<\/div>\n\t\t\t\t<\/div>\n\t\t\t\t<div class=\"elementor-element elementor-element-10e1ec52 elementor-widget elementor-widget-text-editor\" data-id=\"10e1ec52\" data-element_type=\"widget\" data-widget_type=\"text-editor.default\">\n\t\t\t\t<div class=\"elementor-widget-container\">\n\t\t\t\t\t\t\t\t\t<p>Els vins ocupen un lloc important en la seva proposta gastron\u00f2mica oferint una selecci\u00f3 dels millors.\u00a0<\/p><p>Gaudeix els plats combinats de tota la vida i tapes durant tot el dia.<\/p>\t\t\t\t\t\t\t\t<\/div>\n\t\t\t\t<\/div>\n\t\t\t\t\t<\/div>\n\t\t<\/div>\n\t\t\t\t<div class=\"elementor-column elementor-col-50 elementor-inner-column elementor-element elementor-element-60f0688\" data-id=\"60f0688\" data-element_type=\"column\">\n\t\t\t<div class=\"elementor-widget-wrap elementor-element-populated\">\n\t\t\t\t\t\t<div class=\"elementor-element elementor-element-43381a87 elementor-widget elementor-widget-image\" data-id=\"43381a87\" data-element_type=\"widget\" data-widget_type=\"image.default\">\n\t\t\t\t<div class=\"elementor-widget-container\">\n\t\t\t\t\t\t\t\t\t\t\t\t\t\t\t<img decoding=\"async\" width=\"640\" height=\"480\" src=\"https:\/\/www.restaurantlabolera.com\/laflama\/wp-content\/uploads\/sites\/3\/2019\/10\/img-menjar-1024x768.jpg\" class=\"attachment-large size-large wp-image-34\" alt=\"La carta\" srcset=\"https:\/\/www.restaurantlabolera.com\/laflama\/wp-content\/uploads\/sites\/3\/2019\/10\/img-menjar-1024x768.jpg 1024w, https:\/\/www.restaurantlabolera.com\/laflama\/wp-content\/uploads\/sites\/3\/2019\/10\/img-menjar-300x225.jpg 300w, https:\/\/www.restaurantlabolera.com\/laflama\/wp-content\/uploads\/sites\/3\/2019\/10\/img-menjar-768x576.jpg 768w, https:\/\/www.restaurantlabolera.com\/laflama\/wp-content\/uploads\/sites\/3\/2019\/10\/img-menjar.jpg 1600w\" sizes=\"(max-width: 640px) 100vw, 640px\" \/>\t\t\t\t\t\t\t\t\t\t\t\t\t\t\t<\/div>\n\t\t\t\t<\/div>\n\t\t\t\t\t<\/div>\n\t\t<\/div>\n\t\t\t\t\t<\/div>\n\t\t<\/section>\n\t\t\t\t\t<\/div>\n\t\t<\/div>\n\t\t\t\t\t<\/div>\n\t\t<\/section>\n\t\t\t\t<\/div>\n\t\t","protected":false},"excerpt":{"rendered":"<p>Esmorzars | Dinars | Berenars Sopars i copes el cap de setmana EL RESTAURANT Restaurant situat al centre de Sant Cugat del Vall\u00e8s, de recent obertura i horaris amplis on sempre trobar\u00e0s qualitat i bon preu. La seva moderna i ex\u00f2tica decoraci\u00f3 aconsegueix crear un ambient informal i elegant al mateix temps. LA CARTA Els [&hellip;]<\/p>\n","protected":false},"author":1,"featured_media":0,"parent":0,"menu_order":0,"comment_status":"closed","ping_status":"closed","template":"","meta":{"_acf_changed":false,"footnotes":""},"class_list":["post-5","page","type-page","status-publish","hentry"],"acf":[],"yoast_head":"<!-- This site is optimized with the Yoast SEO plugin v25.5 - https:\/\/yoast.com\/wordpress\/plugins\/seo\/ -->\n<title>Inici - La Flama de La Bolera<\/title>\n<meta name=\"robots\" content=\"index, follow, max-snippet:-1, max-image-preview:large, max-video-preview:-1\" \/>\n<link rel=\"canonical\" href=\"https:\/\/www.restaurantlabolera.com\/laflama\/ca\/\" \/>\n<meta property=\"og:locale\" content=\"ca_ES\" \/>\n<meta property=\"og:type\" content=\"article\" \/>\n<meta property=\"og:title\" content=\"Inici - La Flama de La Bolera\" \/>\n<meta property=\"og:description\" content=\"Esmorzars | Dinars | Berenars Sopars i copes el cap de setmana EL RESTAURANT Restaurant situat al centre de Sant Cugat del Vall\u00e8s, de recent obertura i horaris amplis on sempre trobar\u00e0s qualitat i bon preu. La seva moderna i ex\u00f2tica decoraci\u00f3 aconsegueix crear un ambient informal i elegant al mateix temps. LA CARTA Els [&hellip;]\" \/>\n<meta property=\"og:url\" content=\"https:\/\/www.restaurantlabolera.com\/laflama\/ca\/\" \/>\n<meta property=\"og:site_name\" content=\"La Flama de La Bolera\" \/>\n<meta property=\"article:modified_time\" content=\"2021-02-18T08:31:46+00:00\" \/>\n<meta property=\"og:image\" content=\"https:\/\/www.restaurantlabolera.com\/laflama\/wp-content\/uploads\/sites\/3\/2019\/10\/LA-FLAMA-DE-LA-BOLERA-white.png\" \/>\n\t<meta property=\"og:image:width\" content=\"208\" \/>\n\t<meta property=\"og:image:height\" content=\"92\" \/>\n\t<meta property=\"og:image:type\" content=\"image\/png\" \/>\n<meta name=\"twitter:card\" content=\"summary_large_image\" \/>\n<script type=\"application\/ld+json\" class=\"yoast-schema-graph\">{\"@context\":\"https:\/\/schema.org\",\"@graph\":[{\"@type\":\"WebPage\",\"@id\":\"https:\/\/www.restaurantlabolera.com\/laflama\/ca\/\",\"url\":\"https:\/\/www.restaurantlabolera.com\/laflama\/ca\/\",\"name\":\"Inici - La Flama de La Bolera\",\"isPartOf\":{\"@id\":\"https:\/\/www.restaurantlabolera.com\/laflama\/ca\/#website\"},\"primaryImageOfPage\":{\"@id\":\"https:\/\/www.restaurantlabolera.com\/laflama\/ca\/#primaryimage\"},\"image\":{\"@id\":\"https:\/\/www.restaurantlabolera.com\/laflama\/ca\/#primaryimage\"},\"thumbnailUrl\":\"https:\/\/www.restaurantlabolera.com\/laflama\/wp-content\/uploads\/sites\/3\/2019\/10\/LA-FLAMA-DE-LA-BOLERA-white.png\",\"datePublished\":\"2019-09-26T13:37:51+00:00\",\"dateModified\":\"2021-02-18T08:31:46+00:00\",\"breadcrumb\":{\"@id\":\"https:\/\/www.restaurantlabolera.com\/laflama\/ca\/#breadcrumb\"},\"inLanguage\":\"ca\",\"potentialAction\":[{\"@type\":\"ReadAction\",\"target\":[\"https:\/\/www.restaurantlabolera.com\/laflama\/ca\/\"]}]},{\"@type\":\"ImageObject\",\"inLanguage\":\"ca\",\"@id\":\"https:\/\/www.restaurantlabolera.com\/laflama\/ca\/#primaryimage\",\"url\":\"https:\/\/www.restaurantlabolera.com\/laflama\/wp-content\/uploads\/sites\/3\/2019\/10\/LA-FLAMA-DE-LA-BOLERA-white.png\",\"contentUrl\":\"https:\/\/www.restaurantlabolera.com\/laflama\/wp-content\/uploads\/sites\/3\/2019\/10\/LA-FLAMA-DE-LA-BOLERA-white.png\"},{\"@type\":\"BreadcrumbList\",\"@id\":\"https:\/\/www.restaurantlabolera.com\/laflama\/ca\/#breadcrumb\",\"itemListElement\":[{\"@type\":\"ListItem\",\"position\":1,\"name\":\"Portada\",\"item\":\"https:\/\/www.restaurantlabolera.com\/laflama\/ca\/\"},{\"@type\":\"ListItem\",\"position\":2,\"name\":\"Inici\"}]},{\"@type\":\"WebSite\",\"@id\":\"https:\/\/www.restaurantlabolera.com\/laflama\/ca\/#website\",\"url\":\"https:\/\/www.restaurantlabolera.com\/laflama\/ca\/\",\"name\":\"La Flama de La Bolera\",\"description\":\"\",\"publisher\":{\"@id\":\"https:\/\/www.restaurantlabolera.com\/laflama\/ca\/#organization\"},\"potentialAction\":[{\"@type\":\"SearchAction\",\"target\":{\"@type\":\"EntryPoint\",\"urlTemplate\":\"https:\/\/www.restaurantlabolera.com\/laflama\/ca\/?s={search_term_string}\"},\"query-input\":{\"@type\":\"PropertyValueSpecification\",\"valueRequired\":true,\"valueName\":\"search_term_string\"}}],\"inLanguage\":\"ca\"},{\"@type\":\"Organization\",\"@id\":\"https:\/\/www.restaurantlabolera.com\/laflama\/ca\/#organization\",\"name\":\"La Flama de La Bolera\",\"url\":\"https:\/\/www.restaurantlabolera.com\/laflama\/ca\/\",\"logo\":{\"@type\":\"ImageObject\",\"inLanguage\":\"ca\",\"@id\":\"https:\/\/www.restaurantlabolera.com\/laflama\/ca\/#\/schema\/logo\/image\/\",\"url\":\"https:\/\/www.restaurantlabolera.com\/laflama\/wp-content\/uploads\/sites\/3\/2019\/10\/cropped-LA-FLAMA-DE-LA-BOLERA-black.png\",\"contentUrl\":\"https:\/\/www.restaurantlabolera.com\/laflama\/wp-content\/uploads\/sites\/3\/2019\/10\/cropped-LA-FLAMA-DE-LA-BOLERA-black.png\",\"width\":208,\"height\":92,\"caption\":\"La Flama de La Bolera\"},\"image\":{\"@id\":\"https:\/\/www.restaurantlabolera.com\/laflama\/ca\/#\/schema\/logo\/image\/\"}}]}<\/script>\n<!-- \/ Yoast SEO plugin. -->","yoast_head_json":{"title":"Inici - La Flama de La Bolera","robots":{"index":"index","follow":"follow","max-snippet":"max-snippet:-1","max-image-preview":"max-image-preview:large","max-video-preview":"max-video-preview:-1"},"canonical":"https:\/\/www.restaurantlabolera.com\/laflama\/ca\/","og_locale":"ca_ES","og_type":"article","og_title":"Inici - La Flama de La Bolera","og_description":"Esmorzars | Dinars | Berenars Sopars i copes el cap de setmana EL RESTAURANT Restaurant situat al centre de Sant Cugat del Vall\u00e8s, de recent obertura i horaris amplis on sempre trobar\u00e0s qualitat i bon preu. La seva moderna i ex\u00f2tica decoraci\u00f3 aconsegueix crear un ambient informal i elegant al mateix temps. LA CARTA Els [&hellip;]","og_url":"https:\/\/www.restaurantlabolera.com\/laflama\/ca\/","og_site_name":"La Flama de La Bolera","article_modified_time":"2021-02-18T08:31:46+00:00","og_image":[{"width":208,"height":92,"url":"https:\/\/www.restaurantlabolera.com\/laflama\/wp-content\/uploads\/sites\/3\/2019\/10\/LA-FLAMA-DE-LA-BOLERA-white.png","type":"image\/png"}],"twitter_card":"summary_large_image","schema":{"@context":"https:\/\/schema.org","@graph":[{"@type":"WebPage","@id":"https:\/\/www.restaurantlabolera.com\/laflama\/ca\/","url":"https:\/\/www.restaurantlabolera.com\/laflama\/ca\/","name":"Inici - La Flama de La Bolera","isPartOf":{"@id":"https:\/\/www.restaurantlabolera.com\/laflama\/ca\/#website"},"primaryImageOfPage":{"@id":"https:\/\/www.restaurantlabolera.com\/laflama\/ca\/#primaryimage"},"image":{"@id":"https:\/\/www.restaurantlabolera.com\/laflama\/ca\/#primaryimage"},"thumbnailUrl":"https:\/\/www.restaurantlabolera.com\/laflama\/wp-content\/uploads\/sites\/3\/2019\/10\/LA-FLAMA-DE-LA-BOLERA-white.png","datePublished":"2019-09-26T13:37:51+00:00","dateModified":"2021-02-18T08:31:46+00:00","breadcrumb":{"@id":"https:\/\/www.restaurantlabolera.com\/laflama\/ca\/#breadcrumb"},"inLanguage":"ca","potentialAction":[{"@type":"ReadAction","target":["https:\/\/www.restaurantlabolera.com\/laflama\/ca\/"]}]},{"@type":"ImageObject","inLanguage":"ca","@id":"https:\/\/www.restaurantlabolera.com\/laflama\/ca\/#primaryimage","url":"https:\/\/www.restaurantlabolera.com\/laflama\/wp-content\/uploads\/sites\/3\/2019\/10\/LA-FLAMA-DE-LA-BOLERA-white.png","contentUrl":"https:\/\/www.restaurantlabolera.com\/laflama\/wp-content\/uploads\/sites\/3\/2019\/10\/LA-FLAMA-DE-LA-BOLERA-white.png"},{"@type":"BreadcrumbList","@id":"https:\/\/www.restaurantlabolera.com\/laflama\/ca\/#breadcrumb","itemListElement":[{"@type":"ListItem","position":1,"name":"Portada","item":"https:\/\/www.restaurantlabolera.com\/laflama\/ca\/"},{"@type":"ListItem","position":2,"name":"Inici"}]},{"@type":"WebSite","@id":"https:\/\/www.restaurantlabolera.com\/laflama\/ca\/#website","url":"https:\/\/www.restaurantlabolera.com\/laflama\/ca\/","name":"La Flama de La Bolera","description":"","publisher":{"@id":"https:\/\/www.restaurantlabolera.com\/laflama\/ca\/#organization"},"potentialAction":[{"@type":"SearchAction","target":{"@type":"EntryPoint","urlTemplate":"https:\/\/www.restaurantlabolera.com\/laflama\/ca\/?s={search_term_string}"},"query-input":{"@type":"PropertyValueSpecification","valueRequired":true,"valueName":"search_term_string"}}],"inLanguage":"ca"},{"@type":"Organization","@id":"https:\/\/www.restaurantlabolera.com\/laflama\/ca\/#organization","name":"La Flama de La Bolera","url":"https:\/\/www.restaurantlabolera.com\/laflama\/ca\/","logo":{"@type":"ImageObject","inLanguage":"ca","@id":"https:\/\/www.restaurantlabolera.com\/laflama\/ca\/#\/schema\/logo\/image\/","url":"https:\/\/www.restaurantlabolera.com\/laflama\/wp-content\/uploads\/sites\/3\/2019\/10\/cropped-LA-FLAMA-DE-LA-BOLERA-black.png","contentUrl":"https:\/\/www.restaurantlabolera.com\/laflama\/wp-content\/uploads\/sites\/3\/2019\/10\/cropped-LA-FLAMA-DE-LA-BOLERA-black.png","width":208,"height":92,"caption":"La Flama de La Bolera"},"image":{"@id":"https:\/\/www.restaurantlabolera.com\/laflama\/ca\/#\/schema\/logo\/image\/"}}]}},"_links":{"self":[{"href":"https:\/\/www.restaurantlabolera.com\/laflama\/ca\/wp-json\/wp\/v2\/pages\/5","targetHints":{"allow":["GET"]}}],"collection":[{"href":"https:\/\/www.restaurantlabolera.com\/laflama\/ca\/wp-json\/wp\/v2\/pages"}],"about":[{"href":"https:\/\/www.restaurantlabolera.com\/laflama\/ca\/wp-json\/wp\/v2\/types\/page"}],"author":[{"embeddable":true,"href":"https:\/\/www.restaurantlabolera.com\/laflama\/ca\/wp-json\/wp\/v2\/users\/1"}],"replies":[{"embeddable":true,"href":"https:\/\/www.restaurantlabolera.com\/laflama\/ca\/wp-json\/wp\/v2\/comments?post=5"}],"version-history":[{"count":19,"href":"https:\/\/www.restaurantlabolera.com\/laflama\/ca\/wp-json\/wp\/v2\/pages\/5\/revisions"}],"predecessor-version":[{"id":544,"href":"https:\/\/www.restaurantlabolera.com\/laflama\/ca\/wp-json\/wp\/v2\/pages\/5\/revisions\/544"}],"wp:attachment":[{"href":"https:\/\/www.restaurantlabolera.com\/laflama\/ca\/wp-json\/wp\/v2\/media?parent=5"}],"curies":[{"name":"wp","href":"https:\/\/api.w.org\/{rel}","templated":true}]}}